{"id":742,"date":"2016-07-05T14:53:20","date_gmt":"2016-07-05T12:53:20","guid":{"rendered":"http:\/\/aksmeja.cz\/en\/?page_id=742"},"modified":"2019-06-10T13:33:21","modified_gmt":"2019-06-10T11:33:21","slug":"contact","status":"publish","type":"page","link":"https:\/\/aksmeja.cz\/en\/contact\/","title":{"rendered":"Contact"},"content":{"rendered":"<h3 style=\"text-align: center !important;\">Polsk\u00e1 1716\/54<br \/>\n120&nbsp;00 Prague\u00a02<\/h3>\n<p>&nbsp;<\/p>\n<p style=\"text-align: center;\"><img loading=\"lazy\" class=\" wp-image-224 size-full aligncenter\" src=\"http:\/\/aksmeja.cz\/wp-content\/uploads\/2014\/07\/mail-32-e1446568377209.png\" alt=\"mail 32\" width=\"40\" height=\"40\" \/><a href=\"mailto:smeja@aksmeja.cz\">smeja@aksmeja.cz<\/a><a href=\"mailto:fialova@aksmeja.cz\"><br \/>\nfialova@aksmeja.cz<\/a><\/p>\n<p>&nbsp;<\/p>\n<p><img loading=\"lazy\" class=\"aligncenter wp-image-225 size-full\" src=\"http:\/\/aksmeja.cz\/wp-content\/uploads\/2014\/07\/pin-e1446568734969.png\" alt=\"pin\" width=\"28\" height=\"40\" \/><\/p>\n<h4 style=\"text-align: center;\">How you can get to us?<\/h4>\n<p style=\"text-align: center;\"><span style=\"color: #163d42;\"><strong>Metro \u201eA\u201c<\/strong> <\/span>\u2013 station\u00a0Ji\u0159\u00edho z&nbsp;Pod\u011bbrad, exit direction Ji\u0159\u00edho z&nbsp;Pod\u011bbrad<\/p>\n<p style=\"text-align: center;\"><span style=\"color: #163d42;\"><strong>Tram \u010d.&nbsp;11, 13<\/strong><\/span> \u2013 station\u00a0Ji\u0159\u00edho z&nbsp;Pod\u011bbrad<\/p>\n<p style=\"text-align: center;\">\u00a0<\/p>\n<p style=\"text-align: center;\">\u00a0<\/p>\n","protected":false},"excerpt":{"rendered":"<p>Polsk\u00e1 1716\/54&nbsp;120&nbsp;00 Prague\u00a02 &nbsp; smeja@aksmeja.cz fialova@aksmeja.cz &nbsp; How you can get to us? Metro \u201eA\u201c \u2013 station\u00a0Ji\u0159\u00edho z&nbsp;Pod\u011bbrad, exit direction Ji\u0159\u00edho z&nbsp;Pod\u011bbrad Tram \u010d.&nbsp;11, 13 \u2013 station\u00a0Ji\u0159\u00edho z&nbsp;Pod\u011bbrad \u00a0 \u00a0<\/p>\n","protected":false},"author":6,"featured_media":0,"parent":0,"menu_order":0,"comment_status":"closed","ping_status":"open","template":"page-fullwidth.php","meta":[],"_links":{"self":[{"href":"https:\/\/aksmeja.cz\/en\/wp-json\/wp\/v2\/pages\/742"}],"collection":[{"href":"https:\/\/aksmeja.cz\/en\/wp-json\/wp\/v2\/pages"}],"about":[{"href":"https:\/\/aksmeja.cz\/en\/wp-json\/wp\/v2\/types\/page"}],"author":[{"embeddable":true,"href":"https:\/\/aksmeja.cz\/en\/wp-json\/wp\/v2\/users\/6"}],"replies":[{"embeddable":true,"href":"https:\/\/aksmeja.cz\/en\/wp-json\/wp\/v2\/comments?post=742"}],"version-history":[{"count":3,"href":"https:\/\/aksmeja.cz\/en\/wp-json\/wp\/v2\/pages\/742\/revisions"}],"predecessor-version":[{"id":903,"href":"https:\/\/aksmeja.cz\/en\/wp-json\/wp\/v2\/pages\/742\/revisions\/903"}],"wp:attachment":[{"href":"https:\/\/aksmeja.cz\/en\/wp-json\/wp\/v2\/media?parent=742"}],"curies":[{"name":"wp","href":"https:\/\/api.w.org\/{rel}","templated":true}]}}